{"id":264,"date":"2014-09-24T17:27:22","date_gmt":"2014-09-24T15:27:22","guid":{"rendered":"http:\/\/www.salutlesco-pains.org\/newsite\/?page_id=264"},"modified":"2019-05-15T09:54:51","modified_gmt":"2019-05-15T07:54:51","slug":"annonces","status":"publish","type":"page","link":"http:\/\/www.salutlesco-pains.org\/newsite\/annonces\/","title":{"rendered":"Le four \u00e0 pain"},"content":{"rendered":"<h1>Le four \u00e0 pain de Montreuil<\/h1>\n<p>Le four est construit sur une initiative citoyenne port\u00e9e par des habitants du quartier Villiers Barbusse en 2007 et l\u2019association \u00ab\u00a0<strong>Salut\u00a0les Co-Pains\u00a0!<\/strong>\u00a0\u00bb est cr\u00e9\u00e9e pour l\u2019animer.<\/p>\n<p>L\u2019association s\u2019appuie sur des partenariats avec la Mairie de Montreuil, des \u00e9tablissements scolaires, des associations du territoire notamment.<\/p>\n<p>Le projet s\u2019adresse \u00e0 chacun, habitants du quartier et au-del\u00e0, et \u00e0 tous collectivement\u00a0: rencontre, convivialit\u00e9, animation m\u00e9diation, \u00e9change de savoirs, sensibilisation, \u00e9ducation, formation.<\/p>\n<p>Les th\u00e9matiques de l\u2019association portent sur les savoirs et les techniques du four \u00e0 bois et sur tout ce qu\u2019il est n\u00e9cessaire en amont pour fabriquer du pain. Par exemple la fili\u00e8re bl\u00e9 + farine + pain.<\/p>\n<p>Les valeurs de l\u2019association se fondent notamment sur la rencontre, le partage, la solidarit\u00e9, le respect de l\u2019environnement, l\u2019exp\u00e9rimentation, la p\u00e9dagogie de l\u2019erreur, l\u2019exp\u00e9rience sensorielle\u2026<\/p>\n<h1><strong>Les activit\u00e9s<\/strong><\/h1>\n<p>Les activit\u00e9s sont ouvertes \u00e0 tous\u00a0le samedi ou le dimanche,<\/p>\n<ul>\n<li>soit ateliers d\u2019\u00e9changes de savoirs culinaires au four,<\/li>\n<li>soit journ\u00e9e de formation \u00e0 la fabrication de la pizza, du pain, de p\u00e2tisseries, \u2026<\/li>\n<\/ul>\n<p>D\u2019autres jours d\u2019ouverture sont possibles selon la demande, n&rsquo;h\u00e9sitez pas \u00e0 nous contacter \u00a0<a href=\"mailto:contact@salutlesco-pains.org\"><span style=\"text-decoration: underline;\"><span style=\"color: #a05f2c;\">contact@salutlesco-pains.org<\/span><\/span><\/a><\/p>\n<p><span style=\"text-decoration: underline;\"><a href=\"http:\/\/www.salutlesco-pains.org\/newsite\/wp-content\/uploads\/2014\/10\/Pr\u00e9sentation_SLC-P_2014-10-01.pdf\">Pr\u00e9sentation de l&rsquo;association<\/a><\/span><\/p>\n<p><span style=\"text-decoration: underline;\"><a title=\"Agenda\" href=\"http:\/\/www.salutlesco-pains.org\/newsite\/agenda\/\">Agenda des prochaines chauffes<\/a><\/span><\/p>\n","protected":false},"excerpt":{"rendered":"<p>Le four \u00e0 pain de Montreuil Le four est construit sur une initiative citoyenne port\u00e9e par des habitants du quartier Villiers Barbusse en 2007 et l\u2019association \u00ab\u00a0Salut\u00a0les Co-Pains\u00a0!\u00a0\u00bb est cr\u00e9\u00e9e pour l\u2019animer. L\u2019association s\u2019appuie sur des partenariats avec la Mairie &hellip; <a href=\"http:\/\/www.salutlesco-pains.org\/newsite\/annonces\/\">Continuer la lecture <span class=\"meta-nav\">&rarr;<\/span><\/a><\/p>\n","protected":false},"author":2,"featured_media":0,"parent":0,"menu_order":0,"comment_status":"closed","ping_status":"closed","template":"sidebar-page.php","meta":{"ngg_post_thumbnail":0,"_price":"","_stock":"","_tribe_ticket_header":"","_tribe_default_ticket_provider":"","_tribe_ticket_capacity":"0","_ticket_start_date":"","_ticket_end_date":"","_tribe_ticket_show_description":"","_tribe_ticket_show_not_going":false,"_tribe_ticket_use_global_stock":"","_tribe_ticket_global_stock_level":"","_global_stock_mode":"","_global_stock_cap":"","_tribe_rsvp_for_event":"","_tribe_ticket_going_count":"","_tribe_ticket_not_going_count":"","_tribe_tickets_list":"[]","_tribe_ticket_has_attendee_info_fields":false,"jetpack_post_was_ever_published":false,"footnotes":""},"class_list":["post-264","page","type-page","status-publish","hentry"],"jetpack_sharing_enabled":true,"jetpack_shortlink":"https:\/\/wp.me\/P58z56-4g","jetpack_likes_enabled":true,"ticketed":false,"_links":{"self":[{"href":"http:\/\/www.salutlesco-pains.org\/newsite\/wp-json\/wp\/v2\/pages\/264","targetHints":{"allow":["GET"]}}],"collection":[{"href":"http:\/\/www.salutlesco-pains.org\/newsite\/wp-json\/wp\/v2\/pages"}],"about":[{"href":"http:\/\/www.salutlesco-pains.org\/newsite\/wp-json\/wp\/v2\/types\/page"}],"author":[{"embeddable":true,"href":"http:\/\/www.salutlesco-pains.org\/newsite\/wp-json\/wp\/v2\/users\/2"}],"replies":[{"embeddable":true,"href":"http:\/\/www.salutlesco-pains.org\/newsite\/wp-json\/wp\/v2\/comments?post=264"}],"version-history":[{"count":9,"href":"http:\/\/www.salutlesco-pains.org\/newsite\/wp-json\/wp\/v2\/pages\/264\/revisions"}],"predecessor-version":[{"id":514,"href":"http:\/\/www.salutlesco-pains.org\/newsite\/wp-json\/wp\/v2\/pages\/264\/revisions\/514"}],"wp:attachment":[{"href":"http:\/\/www.salutlesco-pains.org\/newsite\/wp-json\/wp\/v2\/media?parent=264"}],"curies":[{"name":"wp","href":"https:\/\/api.w.org\/{rel}","templated":true}]}}