{"id":32,"date":"2016-01-18T16:33:49","date_gmt":"2016-01-18T15:33:49","guid":{"rendered":"http:\/\/www.salutlesco-pains.org\/newsite\/?page_id=32"},"modified":"2019-05-15T09:54:52","modified_gmt":"2019-05-15T07:54:52","slug":"agenda","status":"publish","type":"page","link":"http:\/\/www.salutlesco-pains.org\/newsite\/agenda\/","title":{"rendered":"Agenda"},"content":{"rendered":"<div>\n<h5><strong>Calendrier des prochaines chauffes du four ( Adh\u00e9rents et public )<\/strong><\/h5>\n<h5><strong>Ev\u00e9nements \u00e0 venir :<\/strong><\/h5>\n<\/div>\n<h5 class=\"tribe-event-title\"><strong>&nbsp;<\/strong><\/h5>\n<h5 class=\"tribe-event-title\"><strong><a href=\"http:\/\/www.salutlesco-pains.org\/newsite\/evenements\/dimanche-26-mars-2017-chauffe-du-four-a-pain-copy\/\" rel=\"bookmark\">Dimanche 26 Mars 2017 : Chauffe du Four \u00e0 Pain<br \/>\n<\/a><span class=\"tribe-event-date-start\">&nbsp; &nbsp; &nbsp; 26 mars 12 h 30<\/span><\/strong><\/h5>\n<h5 class=\"tribe-event-title\"><strong><a href=\"http:\/\/www.salutlesco-pains.org\/newsite\/evenements\/dimanche-23-avril-2017-chauffe-du-four-a-pain\/\" rel=\"bookmark\">Dimanche 23 Avril 2017 : Chauffe du Four \u00e0 Pain<br \/>\n<\/a><span class=\"tribe-event-date-start\">&nbsp; &nbsp; &nbsp; 23 avril 12 h 30<\/span><\/strong><\/h5>\n<h5 class=\"tribe-event-title\"><strong><a href=\"http:\/\/www.salutlesco-pains.org\/newsite\/evenements\/dimanche-21-mai-2017-chauffe-du-four-a-pain\/\" rel=\"bookmark\">Dimanche 21 mai 2017 : Chauffe du Four \u00e0 Pain<br \/>\n<\/a><span class=\"tribe-event-date-start\">&nbsp; &nbsp; &nbsp; 21 mai 12 h 30<\/span><\/strong><\/h5>\n<h5 class=\"tribe-event-title\"><strong><a href=\"http:\/\/www.salutlesco-pains.org\/newsite\/evenements\/dimanche-25-juin-2017-chauffe-du-four-a-pain\/\" rel=\"bookmark\">Dimanche 25 juin 2017 : Chauffe du Four \u00e0 Pain<br \/>\n<\/a><span class=\"tribe-event-date-start\">&nbsp; &nbsp; &nbsp; 25 juin 12 h 30<\/span><\/strong><\/h5>\n<h5 class=\"tribe-event-title\"><strong><a href=\"http:\/\/www.salutlesco-pains.org\/newsite\/evenements\/dimanche-9-juillet-2017-chauffe-du-four-a-pain\/\" rel=\"bookmark\">Dimanche 9 juillet 2017 : Chauffe du Four \u00e0 Pain<br \/>\n<\/a>&nbsp; &nbsp; &nbsp; 09 juillet 12 h 30<\/strong><br \/>\n<strong> <a class=\"tribe-event-url\" title=\"Dimanche 24 Septembre 2017 : Chauffe du Four \u00e0 Pain\" href=\"http:\/\/www.salutlesco-pains.org\/newsite\/evenements\/dimanche-24-septembre-2017-chauffe-du-four-a-pain\/\" rel=\"bookmark\">Dimanche 24 Septembre 2017 : Chauffe du Four \u00e0 Pain<br \/>\n<\/a><\/strong><\/h5>\n<h5 class=\"tribe-event-title\"><strong>&nbsp; &nbsp; &nbsp; 24 Septembre&nbsp;12 h 30<\/strong><\/h5>\n<h5 class=\"tribe-events-list-event-title\"><strong><a class=\"tribe-event-url\" title=\"Dimanche 22 Octobre 2017 : Chauffe du Four \u00e0 Pain\" href=\"http:\/\/www.salutlesco-pains.org\/newsite\/evenements\/dimanche-22-octobre-2017-chauffe-du-four-a-pain\/\" rel=\"bookmark\">Dimanche 22 Octobre 2017 : Chauffe du Four \u00e0 Pain<br \/>\n<\/a>&nbsp; &nbsp; &nbsp; 22 Octobre&nbsp;12 h 30<\/strong><br \/>\n<strong> <a class=\"tribe-event-url\" title=\"Dimanche 26 Novembre 2017 : Chauffe du Four \u00e0 Pain\" href=\"http:\/\/www.salutlesco-pains.org\/newsite\/evenements\/dimanche-26-novembre-2017-chauffe-du-four-a-pain\/\" rel=\"bookmark\">Dimanche 26 Novembre 2017 : Chauffe du Four \u00e0 Pain<br \/>\n<\/a>&nbsp; &nbsp; &nbsp; 26 Novembre&nbsp;12 h 30<\/strong><br \/>\n<strong> <a class=\"tribe-event-url\" title=\"Dimanche 17 D\u00e9cembre 2017 : Chauffe du Four \u00e0 Pain\" href=\"http:\/\/www.salutlesco-pains.org\/newsite\/evenements\/dimanche-17-decembre-2017-chauffe-du-four-a-pain\/\" rel=\"bookmark\">Dimanche 17 D\u00e9cembre 2017 : Chauffe du Four \u00e0 Pain<br \/>\n<\/a>&nbsp; &nbsp; &nbsp; 17 D\u00e9cembre&nbsp;12 h 30<\/strong><br \/>\n<strong> <a class=\"tribe-event-url\" title=\"Dimanche 21 Janvier 2018 : Chauffe du Four \u00e0 Pain\" href=\"http:\/\/www.salutlesco-pains.org\/newsite\/evenements\/dimanche-21-janvier-2018-chauffe-du-four-a-pain\/\" rel=\"bookmark\">Dimanche 21 Janvier 2018 : Chauffe du Four \u00e0 Pain<br \/>\n<\/a>&nbsp; &nbsp; &nbsp; 21 Janvier 2018&nbsp;12 h 30<\/strong><br \/>\n<strong> <a class=\"tribe-event-url\" title=\"Dimanche 25 F\u00e9vrier 2018 : Chauffe du Four \u00e0 Pain\" href=\"http:\/\/www.salutlesco-pains.org\/newsite\/evenements\/dimanche-25-fevrier-2018-chauffe-du-four-a-pain\/\" rel=\"bookmark\">Dimanche 25 F\u00e9vrier 2018 : Chauffe du Four \u00e0 Pain<br \/>\n<\/a>&nbsp; &nbsp; &nbsp; 25 F\u00e9vrier 2018&nbsp;12 h 30<\/strong><br \/>\n<strong> <a class=\"tribe-event-url\" title=\"Dimanche 25 Mars 2018 : Chauffe du Four \u00e0 Pain\" href=\"http:\/\/www.salutlesco-pains.org\/newsite\/evenements\/dimanche-25-mars-2018-chauffe-du-four-a-pain\/\" rel=\"bookmark\">Dimanche 25 Mars 2018 : Chauffe du Four \u00e0 Pain<br \/>\n<\/a>&nbsp; &nbsp; &nbsp; 25 Mars 2018&nbsp;12 h 30<\/strong><br \/>\n<strong> <a class=\"tribe-event-url\" title=\"Dimanche 22 Avril 2018 : Chauffe du Four \u00e0 Pain\" href=\"http:\/\/www.salutlesco-pains.org\/newsite\/evenements\/dimanche-22-avril-2018-chauffe-du-four-a-pain\/\" rel=\"bookmark\">Dimanche 22 Avril 2018 : Chauffe du Four \u00e0 Pain<br \/>\n<\/a>&nbsp; &nbsp; &nbsp; 22 Avril 2018&nbsp;12 h 30<\/strong><br \/>\n<strong> <a class=\"tribe-event-url\" title=\"Dimanche 20 Mai 2018 : Chauffe du Four \u00e0 Pain\" href=\"http:\/\/www.salutlesco-pains.org\/newsite\/evenements\/dimanche-20-mai-2018-chauffe-du-four-a-pain\/\" rel=\"bookmark\">Dimanche 20 Mai 2018 : Chauffe du Four \u00e0 Pain<br \/>\n<\/a>&nbsp; &nbsp; &nbsp; 20 Mai 2018&nbsp;12 h 30<\/strong><br \/>\n<strong> <a class=\"tribe-event-url\" title=\"Dimanche 24 Juin 2018 : Chauffe du Four \u00e0 Pain\" href=\"http:\/\/www.salutlesco-pains.org\/newsite\/evenements\/dimanche-24-juin-2018-chauffe-du-four-a-pain\/\" rel=\"bookmark\">Dimanche 24 Juin 2018 : Chauffe du Four \u00e0 Pain<br \/>\n<\/a>&nbsp; &nbsp; &nbsp; 24 Juin 2018&nbsp;12 h 30<\/strong><br \/>\n<strong> <a class=\"tribe-event-url\" title=\"Dimanche 08 Juillet 2018 : Chauffe du Four \u00e0 Pain\" href=\"http:\/\/www.salutlesco-pains.org\/newsite\/evenements\/dimanche-08-juillet-2018-chauffe-du-four-a-pain\/\" rel=\"bookmark\">Dimanche 08 Juillet 2018 : Chauffe du Four \u00e0 Pain<br \/>\n<\/a>&nbsp; &nbsp; &nbsp; 08 Juillet 2018&nbsp;12 h 30<\/strong><\/h5>\n<h5 class=\"tribe-events-list-event-title\"><strong><a class=\"tribe-event-url\" title=\"Dimanche 20 Mai 2018 : Chauffe du Four \u00e0 Pain\" href=\"http:\/\/www.salutlesco-pains.org\/newsite\/evenements\/dimanche-20-mai-2018-chauffe-du-four-a-pain\/\" rel=\"bookmark\">&nbsp;<\/a><\/strong><\/h5>\n<h5 class=\"tribe-events-list-event-title\"><strong>N&rsquo;h\u00e9sitez pas \u00e0 prendre contact avec nous si vous voulez vous initier \u00e0 la fabrication du pain ou encore cuire votre pr\u00e9paration au four.<\/strong><\/h5>\n<h5><strong>D&rsquo;autres dates peuvent \u00eatre envisag\u00e9es en fonction de nos possibilit\u00e9s r\u00e9ciproques. Un seul contact: <a title=\"contact@salutlesco-pains.org\" href=\"mailto:contact@salutlesco-pains.org\">contact@salutlesco-pains.org<\/a><\/strong><\/h5>\n<p>&nbsp;<\/p>\n","protected":false},"excerpt":{"rendered":"<p>Calendrier des prochaines chauffes du four ( Adh\u00e9rents et public ) Ev\u00e9nements \u00e0 venir : &nbsp; Dimanche 26 Mars 2017 : Chauffe du Four \u00e0 Pain &nbsp; &nbsp; &nbsp; 26 mars 12 h 30 Dimanche 23 Avril 2017 : Chauffe &hellip; <a href=\"http:\/\/www.salutlesco-pains.org\/newsite\/agenda\/\">Continuer la lecture <span class=\"meta-nav\">&rarr;<\/span><\/a><\/p>\n","protected":false},"author":3,"featured_media":0,"parent":0,"menu_order":1,"comment_status":"closed","ping_status":"closed","template":"","meta":{"ngg_post_thumbnail":0,"_price":"","_stock":"","_tribe_ticket_header":"","_tribe_default_ticket_provider":"","_tribe_ticket_capacity":"0","_ticket_start_date":"","_ticket_end_date":"","_tribe_ticket_show_description":"","_tribe_ticket_show_not_going":false,"_tribe_ticket_use_global_stock":"","_tribe_ticket_global_stock_level":"","_global_stock_mode":"","_global_stock_cap":"","_tribe_rsvp_for_event":"","_tribe_ticket_going_count":"","_tribe_ticket_not_going_count":"","_tribe_tickets_list":"[]","_tribe_ticket_has_attendee_info_fields":false,"jetpack_post_was_ever_published":false,"footnotes":""},"class_list":["post-32","page","type-page","status-publish","hentry"],"jetpack_sharing_enabled":true,"jetpack_shortlink":"https:\/\/wp.me\/P58z56-w","jetpack_likes_enabled":true,"ticketed":false,"_links":{"self":[{"href":"http:\/\/www.salutlesco-pains.org\/newsite\/wp-json\/wp\/v2\/pages\/32","targetHints":{"allow":["GET"]}}],"collection":[{"href":"http:\/\/www.salutlesco-pains.org\/newsite\/wp-json\/wp\/v2\/pages"}],"about":[{"href":"http:\/\/www.salutlesco-pains.org\/newsite\/wp-json\/wp\/v2\/types\/page"}],"author":[{"embeddable":true,"href":"http:\/\/www.salutlesco-pains.org\/newsite\/wp-json\/wp\/v2\/users\/3"}],"replies":[{"embeddable":true,"href":"http:\/\/www.salutlesco-pains.org\/newsite\/wp-json\/wp\/v2\/comments?post=32"}],"version-history":[{"count":47,"href":"http:\/\/www.salutlesco-pains.org\/newsite\/wp-json\/wp\/v2\/pages\/32\/revisions"}],"predecessor-version":[{"id":1734,"href":"http:\/\/www.salutlesco-pains.org\/newsite\/wp-json\/wp\/v2\/pages\/32\/revisions\/1734"}],"wp:attachment":[{"href":"http:\/\/www.salutlesco-pains.org\/newsite\/wp-json\/wp\/v2\/media?parent=32"}],"curies":[{"name":"wp","href":"https:\/\/api.w.org\/{rel}","templated":true}]}}