{"id":30,"date":"2010-01-01T17:33:33","date_gmt":"2010-01-01T16:33:33","guid":{"rendered":"http:\/\/www.salutlesco-pains.org\/newsite\/?page_id=30"},"modified":"2019-05-15T09:54:52","modified_gmt":"2019-05-15T07:54:52","slug":"historique","status":"publish","type":"page","link":"https:\/\/www.salutlesco-pains.org\/newsite\/historique\/","title":{"rendered":"Historique"},"content":{"rendered":"<h1><span style=\"color: #9e4f23;\">Comment tout \u00e0 commenc\u00e9<\/span><\/h1>\n<p>Le projet de cr\u00e9er un four \u00e0 pain collectif\u00a0 \u00e0 Montreuil reposait sur l\u2019implication totale de ses initiateurs, \u00e0 savoir : \u00e9laboration des plans, recherche des produits et des fournisseurs, n\u00e9gociations avec les financeurs , r\u00e9alisation de la construction, constitution et rassemblement d\u2019un groupe d\u2019adh\u00e9rents au projet.<\/p>\n<h1><strong><span style=\"color: #9e4f23;\"><a href=\"http:\/\/www.salutlesco-pains.org\/oldsite\/Historique.html\">DE LA GEN\u00c8SE DU PROJET&#8230;<\/a><\/span><\/strong><\/h1>\n<h2><strong>Octobre 2006<\/strong><\/h2>\n<p>Un collectif d\u2019habitants du quartier Marais-de-Villiers, propose, dans le cadre des appels \u00e0 projets des conseils de quartier, la construction d\u2019un four \u00e0 pain \u00e0 usage collectif sur le terrain de la maison de quartier.<br \/>\n<strong>Novembre 2006<\/strong><br \/>\nD\u00e9cision ent\u00e9rin\u00e9e par une r\u00e9union pl\u00e9ni\u00e8re du conseil de quartier. Un budget est pr\u00e9vu pour le projet, dont le montant reste \u00e0 d\u00e9termin\u00e9.<br \/>\n<strong>D\u00e9cembre 2006<\/strong><br \/>\nRecherche documentaire, \u00e9tablissement des plans du four et d\u2019une estimation budg\u00e9taire (environ 8000 euros).<\/p>\n<h1><span style=\"color: #9e4f23;\"><strong><a href=\"http:\/\/www.salutlesco-pains.org\/oldsite\/Photos.html\">&#8230;\u00c0 LA CONSTRUCTION DU FOUR<\/a><\/strong><\/span><\/h1>\n<p><strong>Mai 2007<\/strong><br \/>\nPremier coup de pioche<br \/>\n<strong>Juillet 2007<\/strong><br \/>\nCoulage de la dalle<br \/>\n<strong>A partir de f\u00e9vrier 2008<\/strong><br \/>\nPose du soubassement<br \/>\n<strong>16 mars 2008<\/strong><br \/>\nCoulage de la dalle de sole, et premi\u00e8re r\u00e9union au cours de laquelle nous d\u00e9cidons de la cr\u00e9ation de l\u2019association SLC-P.<br \/>\n<strong>Avril 2008<\/strong><br \/>\nR\u00e9daction des statuts et du r\u00e8glement int\u00e9rieur de l\u2019association.<br \/>\n<strong>Mai 2008<\/strong><br \/>\nL\u2019association est d\u00e9clar\u00e9e \u00e0 la Pr\u00e9fecture de Seine-Saint-Denis.<br \/>\n<strong>Juillet 2008<\/strong><br \/>\nLivraison de l\u2019enceinte du four.<br \/>\n<strong>Septembre 2008<\/strong><br \/>\n\u00c9tablissement des plans et du devis de la couverture du four.<br \/>\n<strong>24 septembre 2008<\/strong><br \/>\nPremi\u00e8re AG de tous les adh\u00e9rents.<br \/>\n<strong>F\u00e9vrier 2009<\/strong><br \/>\nMise en place de la charpente<br \/>\n<strong>Avril 2009<\/strong><br \/>\nPremiers pains.<\/p>\n<p><a href=\"http:\/\/www.salutlesco-pains.org\/oldsite\/Historique.html\">Voir le premier site &#8230;<\/a><br \/>\n<a href=\"http:\/\/www.salutlesco-pains.org\/newsite\/agenda\/slcp-affiche-automne-hiver-11-12-b\/\" rel=\"attachment wp-att-56\"><img data-recalc-dims=\"1\" loading=\"lazy\" decoding=\"async\" data-attachment-id=\"56\" data-permalink=\"https:\/\/www.salutlesco-pains.org\/newsite\/agenda\/slcp-affiche-automne-hiver-11-12-b\/\" data-orig-file=\"https:\/\/i0.wp.com\/www.salutlesco-pains.org\/newsite\/wp-content\/uploads\/2011\/12\/SLCP-affiche-automne-hiver-11-12-b.jpeg?fit=596%2C842&amp;ssl=1\" data-orig-size=\"596,842\" data-comments-opened=\"1\" data-image-meta=\"{&quot;aperture&quot;:&quot;0&quot;,&quot;credit&quot;:&quot;&quot;,&quot;camera&quot;:&quot;&quot;,&quot;caption&quot;:&quot;&quot;,&quot;created_timestamp&quot;:&quot;0&quot;,&quot;copyright&quot;:&quot;&quot;,&quot;focal_length&quot;:&quot;0&quot;,&quot;iso&quot;:&quot;0&quot;,&quot;shutter_speed&quot;:&quot;0&quot;,&quot;title&quot;:&quot;&quot;}\" data-image-title=\"Automne 2011-Hiver 2012\" data-image-description=\"\" data-image-caption=\"\" data-large-file=\"https:\/\/i0.wp.com\/www.salutlesco-pains.org\/newsite\/wp-content\/uploads\/2011\/12\/SLCP-affiche-automne-hiver-11-12-b.jpeg?fit=584%2C825&amp;ssl=1\" class=\"size-medium wp-image-56 alignleft\" title=\"Automne 2011-Hiver 2012\" src=\"https:\/\/i0.wp.com\/www.salutlesco-pains.org\/newsite\/wp-content\/uploads\/2011\/12\/SLCP-affiche-automne-hiver-11-12-b-212x300.jpg?resize=212%2C300\" alt=\"\" width=\"212\" height=\"300\" srcset=\"https:\/\/i0.wp.com\/www.salutlesco-pains.org\/newsite\/wp-content\/uploads\/2011\/12\/SLCP-affiche-automne-hiver-11-12-b.jpeg?resize=212%2C300&amp;ssl=1 212w, https:\/\/i0.wp.com\/www.salutlesco-pains.org\/newsite\/wp-content\/uploads\/2011\/12\/SLCP-affiche-automne-hiver-11-12-b.jpeg?w=596&amp;ssl=1 596w\" sizes=\"auto, (max-width: 212px) 100vw, 212px\" \/><\/a><a href=\"http:\/\/www.salutlesco-pains.org\/newsite\/rdv-les-14-et-15-janvier-2012\/slc-p-automne-hiver-2012-13\/\" rel=\"attachment wp-att-157\"><img data-recalc-dims=\"1\" loading=\"lazy\" decoding=\"async\" data-attachment-id=\"157\" data-permalink=\"https:\/\/www.salutlesco-pains.org\/newsite\/rdv-les-14-et-15-janvier-2012\/slc-p-automne-hiver-2012-13\/\" data-orig-file=\"https:\/\/i0.wp.com\/www.salutlesco-pains.org\/newsite\/wp-content\/uploads\/2012\/09\/SLC-P-automne-hiver-2012-13.jpg?fit=596%2C842&amp;ssl=1\" data-orig-size=\"596,842\" data-comments-opened=\"1\" data-image-meta=\"{&quot;aperture&quot;:&quot;0&quot;,&quot;credit&quot;:&quot;&quot;,&quot;camera&quot;:&quot;&quot;,&quot;caption&quot;:&quot;&quot;,&quot;created_timestamp&quot;:&quot;0&quot;,&quot;copyright&quot;:&quot;&quot;,&quot;focal_length&quot;:&quot;0&quot;,&quot;iso&quot;:&quot;0&quot;,&quot;shutter_speed&quot;:&quot;0&quot;,&quot;title&quot;:&quot;&quot;}\" data-image-title=\"SLC-P automne hiver 2012-13\" data-image-description=\"\" data-image-caption=\"\" data-large-file=\"https:\/\/i0.wp.com\/www.salutlesco-pains.org\/newsite\/wp-content\/uploads\/2012\/09\/SLC-P-automne-hiver-2012-13.jpg?fit=584%2C825&amp;ssl=1\" class=\"size-medium wp-image-157 alignright\" title=\"SLC-P automne hiver 2012-13\" src=\"https:\/\/i0.wp.com\/www.salutlesco-pains.org\/newsite\/wp-content\/uploads\/2012\/09\/SLC-P-automne-hiver-2012-13.jpg?resize=212%2C300\" alt=\"\" width=\"212\" height=\"300\" srcset=\"https:\/\/i0.wp.com\/www.salutlesco-pains.org\/newsite\/wp-content\/uploads\/2012\/09\/SLC-P-automne-hiver-2012-13.jpg?resize=212%2C300&amp;ssl=1 212w, https:\/\/i0.wp.com\/www.salutlesco-pains.org\/newsite\/wp-content\/uploads\/2012\/09\/SLC-P-automne-hiver-2012-13.jpg?w=596&amp;ssl=1 596w\" sizes=\"auto, (max-width: 212px) 100vw, 212px\" \/><\/a><\/p>\n","protected":false},"excerpt":{"rendered":"<p>Comment tout \u00e0 commenc\u00e9 Le projet de cr\u00e9er un four \u00e0 pain collectif\u00a0 \u00e0 Montreuil reposait sur l\u2019implication totale de ses initiateurs, \u00e0 savoir : \u00e9laboration des plans, recherche des produits et des fournisseurs, n\u00e9gociations avec les financeurs , r\u00e9alisation &hellip; <a href=\"https:\/\/www.salutlesco-pains.org\/newsite\/historique\/\">Continuer la lecture <span class=\"meta-nav\">&rarr;<\/span><\/a><\/p>\n","protected":false},"author":3,"featured_media":0,"parent":0,"menu_order":3,"comment_status":"closed","ping_status":"closed","template":"sidebar-page.php","meta":{"ngg_post_thumbnail":0,"_price":"","_stock":"","_tribe_ticket_header":"","_tribe_default_ticket_provider":"","_tribe_ticket_capacity":"0","_ticket_start_date":"","_ticket_end_date":"","_tribe_ticket_show_description":"","_tribe_ticket_show_not_going":false,"_tribe_ticket_use_global_stock":"","_tribe_ticket_global_stock_level":"","_global_stock_mode":"","_global_stock_cap":"","_tribe_rsvp_for_event":"","_tribe_ticket_going_count":"","_tribe_ticket_not_going_count":"","_tribe_tickets_list":"[]","_tribe_ticket_has_attendee_info_fields":false,"jetpack_post_was_ever_published":false,"footnotes":""},"class_list":["post-30","page","type-page","status-publish","hentry"],"jetpack_sharing_enabled":true,"jetpack_shortlink":"https:\/\/wp.me\/P58z56-u","jetpack_likes_enabled":true,"ticketed":false,"_links":{"self":[{"href":"https:\/\/www.salutlesco-pains.org\/newsite\/wp-json\/wp\/v2\/pages\/30","targetHints":{"allow":["GET"]}}],"collection":[{"href":"https:\/\/www.salutlesco-pains.org\/newsite\/wp-json\/wp\/v2\/pages"}],"about":[{"href":"https:\/\/www.salutlesco-pains.org\/newsite\/wp-json\/wp\/v2\/types\/page"}],"author":[{"embeddable":true,"href":"https:\/\/www.salutlesco-pains.org\/newsite\/wp-json\/wp\/v2\/users\/3"}],"replies":[{"embeddable":true,"href":"https:\/\/www.salutlesco-pains.org\/newsite\/wp-json\/wp\/v2\/comments?post=30"}],"version-history":[{"count":32,"href":"https:\/\/www.salutlesco-pains.org\/newsite\/wp-json\/wp\/v2\/pages\/30\/revisions"}],"predecessor-version":[{"id":711,"href":"https:\/\/www.salutlesco-pains.org\/newsite\/wp-json\/wp\/v2\/pages\/30\/revisions\/711"}],"wp:attachment":[{"href":"https:\/\/www.salutlesco-pains.org\/newsite\/wp-json\/wp\/v2\/media?parent=30"}],"curies":[{"name":"wp","href":"https:\/\/api.w.org\/{rel}","templated":true}]}}